{"id":264,"date":"2014-03-24T10:42:19","date_gmt":"2014-03-24T09:42:19","guid":{"rendered":"http:\/\/regs-burg-stargard.de\/wordpress\/?page_id=264"},"modified":"2026-02-19T12:10:19","modified_gmt":"2026-02-19T11:10:19","slug":"kontakt-2","status":"publish","type":"page","link":"https:\/\/regs-burg-stargard.de\/wordpress\/kontakt-2\/","title":{"rendered":"Kontakt"},"content":{"rendered":"<table border=\"0\">\n<tbody>\n<tr>\n<td style=\"height: 20px; width: 456px;\" colspan=\"3\" valign=\"top\">Haben Sie Fragen, wollen Sie mehr \u00fcber unsere Schule erfahren?<br \/>\nNehmen Sie mit uns Kontakt auf!<br \/>\nSie erreichen uns unter den unten angegebenen Telefonnummern w\u00e4hrend der Schul\u00f6ffnungszeiten, per&nbsp;E-Mail&nbsp;oder \u00fcber das nebenstehende Kontaktformular.<\/td>\n<\/tr>\n<tr>\n<td style=\"width: 20px;\">&nbsp;<\/td>\n<td style=\"height: 20px; width: 226px;\">Adresse:<\/td>\n<td style=\"height: 20px; width: 210px;\">17094 Burg Stargard<br \/>\nKl\u00fcschenbergstra\u00dfe 13<\/td>\n<\/tr>\n<tr>\n<td style=\"width: 20px;\">&nbsp;<\/td>\n<td style=\"height: 20px; width: 226px;\">Telefon:<br \/>\nFax:<br \/>\nE-Mail:<\/td>\n<td style=\"height: 20px; width: 210px;\">039603\/20312<a href=\"mailto:schule@regs-burg-stargard.de\">schule@RegS-Burg-Stargard.de<\/a><\/td>\n<\/tr>\n<tr>\n<td style=\"height: 20px; width: 456px;\" colspan=\"3\">&nbsp;&nbsp;<strong>Sekretariat<\/strong>: Frau Katja Pingel<\/td>\n<\/tr>\n<tr>\n<td style=\"width: 20px;\" valign=\"top\">&nbsp;<\/td>\n<td style=\"width: 226px;\" valign=\"top\">\u00d6ffnungszeiten:<\/td>\n<td style=\"width: 210px;\" valign=\"top\">&nbsp;<\/td>\n<\/tr>\n<tr>\n<td style=\"width: 20px;\" valign=\"top\">&nbsp;<\/td>\n<td style=\"width: 226px;\" valign=\"top\">Montag und Donnerstag<\/td>\n<td style=\"width: 210px;\" valign=\"top\">06.30 &#8211; 14.30 Uhr<\/td>\n<\/tr>\n<tr>\n<td style=\"width: 20px;\" valign=\"top\">&nbsp;<\/td>\n<td style=\"width: 226px;\" valign=\"top\">Dienstag und Mittwoch<\/td>\n<td style=\"width: 210px;\" valign=\"top\">06.30 &#8211; 15.15 Uhr<\/td>\n<\/tr>\n<tr>\n<td style=\"width: 20px;\" valign=\"top\">&nbsp;<\/td>\n<td style=\"width: 226px;\" valign=\"top\">Freitag<\/td>\n<td style=\"width: 210px;\" valign=\"top\">06.45 &#8211; 12:45 Uhr<\/td>\n<\/tr>\n<\/tbody>\n<\/table>\n<p>&nbsp;<\/p>\n","protected":false},"excerpt":{"rendered":"<p>Haben Sie Fragen, wollen Sie mehr \u00fcber unsere Schule erfahren? Nehmen Sie mit uns Kontakt auf! Sie erreichen uns unter den unten angegebenen Telefonnummern w\u00e4hrend der Schul\u00f6ffnungszeiten, per&nbsp;E-Mail&nbsp;oder \u00fcber das nebenstehende Kontaktformular. &nbsp; Adresse: 17094 Burg Stargard Kl\u00fcschenbergstra\u00dfe 13 &nbsp; Telefon: Fax: E-Mail: 039603\/20312schule@RegS-Burg-Stargard.de &nbsp;&nbsp;Sekretariat: Frau Katja Pingel &nbsp; \u00d6ffnungszeiten: &nbsp; &nbsp; Montag und Donnerstag [&hellip;]<\/p>\n","protected":false},"author":2,"featured_media":0,"parent":0,"menu_order":0,"comment_status":"closed","ping_status":"closed","template":"","meta":{"site-sidebar-layout":"default","site-content-layout":"","ast-site-content-layout":"default","site-content-style":"default","site-sidebar-style":"default","ast-global-header-display":"","ast-banner-title-visibility":"","ast-main-header-display":"","ast-hfb-above-header-display":"","ast-hfb-below-header-display":"","ast-hfb-mobile-header-display":"","site-post-title":"","ast-breadcrumbs-content":"","ast-featured-img":"","footer-sml-layout":"","theme-transparent-header-meta":"","adv-header-id-meta":"","stick-header-meta":"","header-above-stick-meta":"","header-main-stick-meta":"","header-below-stick-meta":"","astra-migrate-meta-layouts":"set","ast-page-background-enabled":"default","ast-page-background-meta":{"desktop":{"background-color":"","background-image":"","background-repeat":"repeat","background-position":"center center","background-size":"auto","background-attachment":"scroll","background-type":"","background-media":"","overlay-type":"","overlay-color":"","overlay-opacity":"","overlay-gradient":""},"tablet":{"background-color":"","background-image":"","background-repeat":"repeat","background-position":"center center","background-size":"auto","background-attachment":"scroll","background-type":"","background-media":"","overlay-type":"","overlay-color":"","overlay-opacity":"","overlay-gradient":""},"mobile":{"background-color":"","background-image":"","background-repeat":"repeat","background-position":"center center","background-size":"auto","background-attachment":"scroll","background-type":"","background-media":"","overlay-type":"","overlay-color":"","overlay-opacity":"","overlay-gradient":""}},"ast-content-background-meta":{"desktop":{"background-color":"var(--ast-global-color-5)","background-image":"","background-repeat":"repeat","background-position":"center center","background-size":"auto","background-attachment":"scroll","background-type":"","background-media":"","overlay-type":"","overlay-color":"","overlay-opacity":"","overlay-gradient":""},"tablet":{"background-color":"var(--ast-global-color-5)","background-image":"","background-repeat":"repeat","background-position":"center center","background-size":"auto","background-attachment":"scroll","background-type":"","background-media":"","overlay-type":"","overlay-color":"","overlay-opacity":"","overlay-gradient":""},"mobile":{"background-color":"var(--ast-global-color-5)","background-image":"","background-repeat":"repeat","background-position":"center center","background-size":"auto","background-attachment":"scroll","background-type":"","background-media":"","overlay-type":"","overlay-color":"","overlay-opacity":"","overlay-gradient":""}},"ngg_post_thumbnail":0,"footnotes":""},"class_list":["post-264","page","type-page","status-publish","hentry"],"_links":{"self":[{"href":"https:\/\/regs-burg-stargard.de\/wordpress\/wp-json\/wp\/v2\/pages\/264","targetHints":{"allow":["GET"]}}],"collection":[{"href":"https:\/\/regs-burg-stargard.de\/wordpress\/wp-json\/wp\/v2\/pages"}],"about":[{"href":"https:\/\/regs-burg-stargard.de\/wordpress\/wp-json\/wp\/v2\/types\/page"}],"author":[{"embeddable":true,"href":"https:\/\/regs-burg-stargard.de\/wordpress\/wp-json\/wp\/v2\/users\/2"}],"replies":[{"embeddable":true,"href":"https:\/\/regs-burg-stargard.de\/wordpress\/wp-json\/wp\/v2\/comments?post=264"}],"version-history":[{"count":40,"href":"https:\/\/regs-burg-stargard.de\/wordpress\/wp-json\/wp\/v2\/pages\/264\/revisions"}],"predecessor-version":[{"id":4906,"href":"https:\/\/regs-burg-stargard.de\/wordpress\/wp-json\/wp\/v2\/pages\/264\/revisions\/4906"}],"wp:attachment":[{"href":"https:\/\/regs-burg-stargard.de\/wordpress\/wp-json\/wp\/v2\/media?parent=264"}],"curies":[{"name":"wp","href":"https:\/\/api.w.org\/{rel}","templated":true}]}}