{"id":445,"date":"2014-03-26T23:13:43","date_gmt":"2014-03-26T22:13:43","guid":{"rendered":"http:\/\/regs-burg-stargard.de\/wordpress\/?page_id=445"},"modified":"2020-10-19T12:51:00","modified_gmt":"2020-10-19T10:51:00","slug":"lern-und-hausaufgabenzeit","status":"publish","type":"page","link":"https:\/\/regs-burg-stargard.de\/wordpress\/schulkonzept\/lern-und-hausaufgabenzeit\/","title":{"rendered":"Lern- und Hausaufgabenzeit"},"content":{"rendered":"<p>In der Lernzeit\/Hausaufgabenzeit k\u00f6nnen die Sch\u00fcler der 5. und 6. Klassen unter Beaufsichtigung eines Lehrers m\u00fcndliche und schriftliche Hausaufgaben erledigen oder zus\u00e4tzliche \u00dcbungsaufgaben l\u00f6sen. Sie arbeiten in dieser Zeit oft mit einem Lernpartner\u00a0 oder in einer kleineren Lerngruppe zusammen und k\u00f6nnen sich gegenseitig bei der L\u00f6sung der Aufgaben unterst\u00fctzen, Vortr\u00e4ge und Projekte vorbereiten.<\/p>\n<p>Nach individuellem Lernfortschritt k\u00f6nnen sich Sch\u00fcler auch selbstst\u00e4ndig \u00dcbungsmaterial aus einer Lernkiste ausw\u00e4hlen oder sich mit Lernspielen besch\u00e4ftigen.<\/p>\n<p>Sch\u00fcler der 7. und 8. Klassen nutzen die Lernzeit zum Erledigen der Hausaufgaben und zum Bearbeiten von Gruppenaufgaben. Sie k\u00f6nnen sich auch freiwillig f\u00fcr eine zus\u00e4tzliche F\u00f6rderung in Mathematik oder Deutsch anmelden.<\/p>\n","protected":false},"excerpt":{"rendered":"<p>In der Lernzeit\/Hausaufgabenzeit k\u00f6nnen die Sch\u00fcler der 5. und 6. Klassen unter Beaufsichtigung eines Lehrers m\u00fcndliche und schriftliche Hausaufgaben erledigen oder zus\u00e4tzliche \u00dcbungsaufgaben l\u00f6sen. Sie arbeiten in dieser Zeit oft mit einem Lernpartner\u00a0 oder in einer kleineren Lerngruppe zusammen und k\u00f6nnen sich gegenseitig bei der L\u00f6sung der Aufgaben unterst\u00fctzen, Vortr\u00e4ge und Projekte vorbereiten. Nach individuellem [&hellip;]<\/p>\n","protected":false},"author":2,"featured_media":0,"parent":18,"menu_order":0,"comment_status":"closed","ping_status":"closed","template":"","meta":{"site-sidebar-layout":"default","site-content-layout":"","ast-site-content-layout":"default","site-content-style":"default","site-sidebar-style":"default","ast-global-header-display":"","ast-banner-title-visibility":"","ast-main-header-display":"","ast-hfb-above-header-display":"","ast-hfb-below-header-display":"","ast-hfb-mobile-header-display":"","site-post-title":"","ast-breadcrumbs-content":"","ast-featured-img":"","footer-sml-layout":"","theme-transparent-header-meta":"","adv-header-id-meta":"","stick-header-meta":"","header-above-stick-meta":"","header-main-stick-meta":"","header-below-stick-meta":"","astra-migrate-meta-layouts":"default","ast-page-background-enabled":"default","ast-page-background-meta":{"desktop":{"background-color":"","background-image":"","background-repeat":"repeat","background-position":"center center","background-size":"auto","background-attachment":"scroll","background-type":"","background-media":"","overlay-type":"","overlay-color":"","overlay-opacity":"","overlay-gradient":""},"tablet":{"background-color":"","background-image":"","background-repeat":"repeat","background-position":"center center","background-size":"auto","background-attachment":"scroll","background-type":"","background-media":"","overlay-type":"","overlay-color":"","overlay-opacity":"","overlay-gradient":""},"mobile":{"background-color":"","background-image":"","background-repeat":"repeat","background-position":"center center","background-size":"auto","background-attachment":"scroll","background-type":"","background-media":"","overlay-type":"","overlay-color":"","overlay-opacity":"","overlay-gradient":""}},"ast-content-background-meta":{"desktop":{"background-color":"var(--ast-global-color-5)","background-image":"","background-repeat":"repeat","background-position":"center center","background-size":"auto","background-attachment":"scroll","background-type":"","background-media":"","overlay-type":"","overlay-color":"","overlay-opacity":"","overlay-gradient":""},"tablet":{"background-color":"var(--ast-global-color-5)","background-image":"","background-repeat":"repeat","background-position":"center center","background-size":"auto","background-attachment":"scroll","background-type":"","background-media":"","overlay-type":"","overlay-color":"","overlay-opacity":"","overlay-gradient":""},"mobile":{"background-color":"var(--ast-global-color-5)","background-image":"","background-repeat":"repeat","background-position":"center center","background-size":"auto","background-attachment":"scroll","background-type":"","background-media":"","overlay-type":"","overlay-color":"","overlay-opacity":"","overlay-gradient":""}},"ngg_post_thumbnail":0,"footnotes":""},"class_list":["post-445","page","type-page","status-publish","hentry"],"_links":{"self":[{"href":"https:\/\/regs-burg-stargard.de\/wordpress\/wp-json\/wp\/v2\/pages\/445","targetHints":{"allow":["GET"]}}],"collection":[{"href":"https:\/\/regs-burg-stargard.de\/wordpress\/wp-json\/wp\/v2\/pages"}],"about":[{"href":"https:\/\/regs-burg-stargard.de\/wordpress\/wp-json\/wp\/v2\/types\/page"}],"author":[{"embeddable":true,"href":"https:\/\/regs-burg-stargard.de\/wordpress\/wp-json\/wp\/v2\/users\/2"}],"replies":[{"embeddable":true,"href":"https:\/\/regs-burg-stargard.de\/wordpress\/wp-json\/wp\/v2\/comments?post=445"}],"version-history":[{"count":6,"href":"https:\/\/regs-burg-stargard.de\/wordpress\/wp-json\/wp\/v2\/pages\/445\/revisions"}],"predecessor-version":[{"id":3256,"href":"https:\/\/regs-burg-stargard.de\/wordpress\/wp-json\/wp\/v2\/pages\/445\/revisions\/3256"}],"up":[{"embeddable":true,"href":"https:\/\/regs-burg-stargard.de\/wordpress\/wp-json\/wp\/v2\/pages\/18"}],"wp:attachment":[{"href":"https:\/\/regs-burg-stargard.de\/wordpress\/wp-json\/wp\/v2\/media?parent=445"}],"curies":[{"name":"wp","href":"https:\/\/api.w.org\/{rel}","templated":true}]}}