{"id":457,"date":"2014-03-26T23:23:28","date_gmt":"2014-03-26T22:23:28","guid":{"rendered":"http:\/\/regs-burg-stargard.de\/wordpress\/?page_id=457"},"modified":"2024-08-30T08:18:13","modified_gmt":"2024-08-30T06:18:13","slug":"schulsozialarbeit","status":"publish","type":"page","link":"https:\/\/regs-burg-stargard.de\/wordpress\/schulsozialarbeit\/","title":{"rendered":"Schulsozialarbeit"},"content":{"rendered":"\n<figure class=\"wp-block-image aligncenter size-medium is-resized\"><a href=\"https:\/\/regs-burg-stargard.de\/wordpress\/wp-content\/uploads\/2023\/02\/20211004_131041-1-scaled.jpg\"><img loading=\"lazy\" decoding=\"async\" width=\"300\" height=\"169\" src=\"https:\/\/regs-burg-stargard.de\/wordpress\/wp-content\/uploads\/2023\/02\/20211004_131041-1-300x169.jpg\" alt=\"\" class=\"wp-image-4076 colorbox-457\" style=\"width:447px;height:252px\" srcset=\"https:\/\/regs-burg-stargard.de\/wordpress\/wp-content\/uploads\/2023\/02\/20211004_131041-1-300x169.jpg 300w, https:\/\/regs-burg-stargard.de\/wordpress\/wp-content\/uploads\/2023\/02\/20211004_131041-1-1024x576.jpg 1024w, https:\/\/regs-burg-stargard.de\/wordpress\/wp-content\/uploads\/2023\/02\/20211004_131041-1-768x432.jpg 768w, https:\/\/regs-burg-stargard.de\/wordpress\/wp-content\/uploads\/2023\/02\/20211004_131041-1-1536x864.jpg 1536w, https:\/\/regs-burg-stargard.de\/wordpress\/wp-content\/uploads\/2023\/02\/20211004_131041-1-2048x1152.jpg 2048w\" sizes=\"auto, (max-width: 300px) 100vw, 300px\" \/><\/a><\/figure>\n\n\n\n<p class=\"has-text-align-left\">Gef\u00f6rdert durch:<\/p>\n\n\n\n<figure class=\"wp-block-image size-full\"><a href=\"https:\/\/regs-burg-stargard.de\/wordpress\/wp-content\/uploads\/2023\/02\/esf_logo.285x0-is-1.jpg\"><img loading=\"lazy\" decoding=\"async\" width=\"285\" height=\"70\" src=\"https:\/\/regs-burg-stargard.de\/wordpress\/wp-content\/uploads\/2023\/02\/esf_logo.285x0-is-1.jpg\" alt=\"\" class=\"wp-image-4069 colorbox-457\"\/><\/a><\/figure>\n\n\n\n<p><\/p>\n\n\n\n<h4 class=\"wp-block-heading\" id=\"block-530cea99-60cf-427f-9925-7d3cb9a0cb45\">Schulsozialarbeiterin:&nbsp; Frau Lukasczyk<\/h4>\n\n\n\n<p>Wenn Sie oder Ihr Kind Unterst\u00fctzung brauchen, nehmen Sie bitte Kontakt auf (Formular im Download-Bereich).<br>Ich bin f\u00fcr Sie\/euch auch erreichbar unter <strong>Tel.: (03 96 03) 23 40 71<\/strong> oder per email: <strong>sozial@regs-burg-stargard.de<\/strong><br>Wenn ihr Fragen, Probleme oder andere Sorgen habt, ruft an. Falls ich telefonisch nicht erreichbar bin, schreibt einfach eine Email. Ich antworte zeitnah.<\/p>\n\n\n\n<p>Sprechzeiten <br>Montag und Mittwoch von 7:30 &#8211; 15:30 Uhr<br>Dienstag und Donnerstag von 7:30 &#8211; 14:00 Uhr<br>Freitag 7:30 &#8211; 13:30 Uhr<br><br>Individuelle Terminvereinbarungen sind auch au\u00dferhalb der Sprechzeiten m\u00f6glich.<\/p>\n\n\n\n<p>Offen f\u00fcr alle Sch\u00fcler\/innen der Regionalen Schule, besonders ber\u00fccksichtigt werden Sch\u00fcler mit:<br>                                &#8211; Individuellen Problemlagen oder Verhaltens- und Lernschwierigkeiten sowie Sozialisationsdefiziten<\/p>\n\n\n\n<ul class=\"wp-block-list\">\n<li><\/li>\n<\/ul>\n\n\n\n<p><strong>Schwerpunkte der Arbeit<\/strong>:<\/p>\n\n\n\n<ul class=\"wp-block-list\">\n<li>Sozialp\u00e4dagogische Beratung und Begleitung von Sch\u00fclern, Eltern und Lehrern<\/li>\n\n\n\n<li>Organisation und Durchf\u00fchrung von Freizeitangeboten<\/li>\n\n\n\n<li>\u00d6ffentlichkeitsarbeit<\/li>\n\n\n\n<li>Unterst\u00fctzung von unterrichtsbegleitenden und au\u00dferunterrichtlichen Ma\u00dfnahmen,<br>u. a. Projekte der Berufsorientierung, Sch\u00fclerfirma, Streitschlichter,&nbsp; Gewaltpr\u00e4vention, Sucht und Drogen, Sexualit\u00e4t, Kunst und Kultur<\/li>\n\n\n\n<li>Ausbildung von Streitschlichtern<\/li>\n<\/ul>\n\n\n\n<p><strong>Arbeitsprinzipien:<\/strong><br>                               &#8211; Vertrauensvolle Zuwendung<br>                               &#8211; Anonymit\u00e4t und Schweigepflicht<\/p>\n\n\n\n<p>Tr\u00e4ger: T\u00e4gerwerk Soziale Dienste in Mecklenburg \u2013 Vorpommern GmbH<\/p>\n\n\n\n<figure class=\"wp-block-image size-full\"><a href=\"https:\/\/regs-burg-stargard.de\/wordpress\/wp-content\/uploads\/2023\/02\/twsd.png\"><img loading=\"lazy\" decoding=\"async\" width=\"224\" height=\"58\" src=\"https:\/\/regs-burg-stargard.de\/wordpress\/wp-content\/uploads\/2023\/02\/twsd.png\" alt=\"\" class=\"wp-image-4072 colorbox-457\"\/><\/a><\/figure>\n","protected":false},"excerpt":{"rendered":"<p>Gef\u00f6rdert durch: Schulsozialarbeiterin:&nbsp; Frau Lukasczyk Wenn Sie oder Ihr Kind Unterst\u00fctzung brauchen, nehmen Sie bitte Kontakt auf (Formular im Download-Bereich).Ich bin f\u00fcr Sie\/euch auch erreichbar unter Tel.: (03 96 03) 23 40 71 oder per email: sozial@regs-burg-stargard.deWenn ihr Fragen, Probleme oder andere Sorgen habt, ruft an. Falls ich telefonisch nicht erreichbar bin, schreibt einfach eine [&hellip;]<\/p>\n","protected":false},"author":10,"featured_media":0,"parent":0,"menu_order":0,"comment_status":"closed","ping_status":"closed","template":"","meta":{"site-sidebar-layout":"default","site-content-layout":"","ast-site-content-layout":"default","site-content-style":"default","site-sidebar-style":"default","ast-global-header-display":"","ast-banner-title-visibility":"","ast-main-header-display":"","ast-hfb-above-header-display":"","ast-hfb-below-header-display":"","ast-hfb-mobile-header-display":"","site-post-title":"","ast-breadcrumbs-content":"","ast-featured-img":"","footer-sml-layout":"","theme-transparent-header-meta":"","adv-header-id-meta":"","stick-header-meta":"","header-above-stick-meta":"","header-main-stick-meta":"","header-below-stick-meta":"","astra-migrate-meta-layouts":"default","ast-page-background-enabled":"default","ast-page-background-meta":{"desktop":{"background-color":"","background-image":"","background-repeat":"repeat","background-position":"center center","background-size":"auto","background-attachment":"scroll","background-type":"","background-media":"","overlay-type":"","overlay-color":"","overlay-opacity":"","overlay-gradient":""},"tablet":{"background-color":"","background-image":"","background-repeat":"repeat","background-position":"center center","background-size":"auto","background-attachment":"scroll","background-type":"","background-media":"","overlay-type":"","overlay-color":"","overlay-opacity":"","overlay-gradient":""},"mobile":{"background-color":"","background-image":"","background-repeat":"repeat","background-position":"center center","background-size":"auto","background-attachment":"scroll","background-type":"","background-media":"","overlay-type":"","overlay-color":"","overlay-opacity":"","overlay-gradient":""}},"ast-content-background-meta":{"desktop":{"background-color":"var(--ast-global-color-5)","background-image":"","background-repeat":"repeat","background-position":"center center","background-size":"auto","background-attachment":"scroll","background-type":"","background-media":"","overlay-type":"","overlay-color":"","overlay-opacity":"","overlay-gradient":""},"tablet":{"background-color":"var(--ast-global-color-5)","background-image":"","background-repeat":"repeat","background-position":"center center","background-size":"auto","background-attachment":"scroll","background-type":"","background-media":"","overlay-type":"","overlay-color":"","overlay-opacity":"","overlay-gradient":""},"mobile":{"background-color":"var(--ast-global-color-5)","background-image":"","background-repeat":"repeat","background-position":"center center","background-size":"auto","background-attachment":"scroll","background-type":"","background-media":"","overlay-type":"","overlay-color":"","overlay-opacity":"","overlay-gradient":""}},"ngg_post_thumbnail":0,"footnotes":""},"class_list":["post-457","page","type-page","status-publish","hentry"],"_links":{"self":[{"href":"https:\/\/regs-burg-stargard.de\/wordpress\/wp-json\/wp\/v2\/pages\/457","targetHints":{"allow":["GET"]}}],"collection":[{"href":"https:\/\/regs-burg-stargard.de\/wordpress\/wp-json\/wp\/v2\/pages"}],"about":[{"href":"https:\/\/regs-burg-stargard.de\/wordpress\/wp-json\/wp\/v2\/types\/page"}],"author":[{"embeddable":true,"href":"https:\/\/regs-burg-stargard.de\/wordpress\/wp-json\/wp\/v2\/users\/10"}],"replies":[{"embeddable":true,"href":"https:\/\/regs-burg-stargard.de\/wordpress\/wp-json\/wp\/v2\/comments?post=457"}],"version-history":[{"count":33,"href":"https:\/\/regs-burg-stargard.de\/wordpress\/wp-json\/wp\/v2\/pages\/457\/revisions"}],"predecessor-version":[{"id":4638,"href":"https:\/\/regs-burg-stargard.de\/wordpress\/wp-json\/wp\/v2\/pages\/457\/revisions\/4638"}],"wp:attachment":[{"href":"https:\/\/regs-burg-stargard.de\/wordpress\/wp-json\/wp\/v2\/media?parent=457"}],"curies":[{"name":"wp","href":"https:\/\/api.w.org\/{rel}","templated":true}]}}