{"id":542,"date":"2014-04-07T20:59:04","date_gmt":"2014-04-07T19:59:04","guid":{"rendered":"http:\/\/regs-burg-stargard.de\/wordpress\/?page_id=542"},"modified":"2014-05-15T13:03:06","modified_gmt":"2014-05-15T11:03:06","slug":"schulprogramm2","status":"publish","type":"page","link":"https:\/\/regs-burg-stargard.de\/wordpress\/schulkonzept\/schulprogramm2\/","title":{"rendered":"Schulprogramm"},"content":{"rendered":"<p>Sch\u00fcler und Eltern engagieren sich gemeinsam in der Umsetzung des Schulkonzeptes, welches folgende Schwerpunkte beinhaltet:<\/p>\n<ol>\n<li>\u00a0Die Integration neuer Unterrichtsmethoden und die Umsetzung moderner Unterrichtsformen<\/li>\n<li>Soziales Lernen als fester Bestandteil des Unterrichts<\/li>\n<li>Differenzierung zur F\u00f6rderung individuellen Lernens<\/li>\n<li>Ganzheitliches Lernen in f\u00e4cher\u00fcbergreifenden Projekten<\/li>\n<li>Zusammenarbeit mit regionalen Vereinen und Unternehmen zur Ausgestaltung der Ganztagsschule und der Berufsorientierung<\/li>\n<li>Aktive Elternarbeit unterst\u00fctzt erfolgreiches Lernen<\/li>\n<\/ol>\n","protected":false},"excerpt":{"rendered":"<p>Sch\u00fcler und Eltern engagieren sich gemeinsam in der Umsetzung des Schulkonzeptes, welches folgende Schwerpunkte beinhaltet: \u00a0Die Integration neuer Unterrichtsmethoden und die Umsetzung moderner Unterrichtsformen Soziales Lernen als fester Bestandteil des Unterrichts Differenzierung zur F\u00f6rderung individuellen Lernens Ganzheitliches Lernen in f\u00e4cher\u00fcbergreifenden Projekten Zusammenarbeit mit regionalen Vereinen und Unternehmen zur Ausgestaltung der Ganztagsschule und der Berufsorientierung Aktive [&hellip;]<\/p>\n","protected":false},"author":2,"featured_media":0,"parent":18,"menu_order":0,"comment_status":"closed","ping_status":"closed","template":"","meta":{"site-sidebar-layout":"default","site-content-layout":"","ast-site-content-layout":"default","site-content-style":"default","site-sidebar-style":"default","ast-global-header-display":"","ast-banner-title-visibility":"","ast-main-header-display":"","ast-hfb-above-header-display":"","ast-hfb-below-header-display":"","ast-hfb-mobile-header-display":"","site-post-title":"","ast-breadcrumbs-content":"","ast-featured-img":"","footer-sml-layout":"","theme-transparent-header-meta":"","adv-header-id-meta":"","stick-header-meta":"","header-above-stick-meta":"","header-main-stick-meta":"","header-below-stick-meta":"","astra-migrate-meta-layouts":"default","ast-page-background-enabled":"default","ast-page-background-meta":{"desktop":{"background-color":"","background-image":"","background-repeat":"repeat","background-position":"center center","background-size":"auto","background-attachment":"scroll","background-type":"","background-media":"","overlay-type":"","overlay-color":"","overlay-opacity":"","overlay-gradient":""},"tablet":{"background-color":"","background-image":"","background-repeat":"repeat","background-position":"center center","background-size":"auto","background-attachment":"scroll","background-type":"","background-media":"","overlay-type":"","overlay-color":"","overlay-opacity":"","overlay-gradient":""},"mobile":{"background-color":"","background-image":"","background-repeat":"repeat","background-position":"center center","background-size":"auto","background-attachment":"scroll","background-type":"","background-media":"","overlay-type":"","overlay-color":"","overlay-opacity":"","overlay-gradient":""}},"ast-content-background-meta":{"desktop":{"background-color":"var(--ast-global-color-5)","background-image":"","background-repeat":"repeat","background-position":"center center","background-size":"auto","background-attachment":"scroll","background-type":"","background-media":"","overlay-type":"","overlay-color":"","overlay-opacity":"","overlay-gradient":""},"tablet":{"background-color":"var(--ast-global-color-5)","background-image":"","background-repeat":"repeat","background-position":"center center","background-size":"auto","background-attachment":"scroll","background-type":"","background-media":"","overlay-type":"","overlay-color":"","overlay-opacity":"","overlay-gradient":""},"mobile":{"background-color":"var(--ast-global-color-5)","background-image":"","background-repeat":"repeat","background-position":"center center","background-size":"auto","background-attachment":"scroll","background-type":"","background-media":"","overlay-type":"","overlay-color":"","overlay-opacity":"","overlay-gradient":""}},"ngg_post_thumbnail":0,"footnotes":""},"class_list":["post-542","page","type-page","status-publish","hentry"],"_links":{"self":[{"href":"https:\/\/regs-burg-stargard.de\/wordpress\/wp-json\/wp\/v2\/pages\/542","targetHints":{"allow":["GET"]}}],"collection":[{"href":"https:\/\/regs-burg-stargard.de\/wordpress\/wp-json\/wp\/v2\/pages"}],"about":[{"href":"https:\/\/regs-burg-stargard.de\/wordpress\/wp-json\/wp\/v2\/types\/page"}],"author":[{"embeddable":true,"href":"https:\/\/regs-burg-stargard.de\/wordpress\/wp-json\/wp\/v2\/users\/2"}],"replies":[{"embeddable":true,"href":"https:\/\/regs-burg-stargard.de\/wordpress\/wp-json\/wp\/v2\/comments?post=542"}],"version-history":[{"count":7,"href":"https:\/\/regs-burg-stargard.de\/wordpress\/wp-json\/wp\/v2\/pages\/542\/revisions"}],"predecessor-version":[{"id":866,"href":"https:\/\/regs-burg-stargard.de\/wordpress\/wp-json\/wp\/v2\/pages\/542\/revisions\/866"}],"up":[{"embeddable":true,"href":"https:\/\/regs-burg-stargard.de\/wordpress\/wp-json\/wp\/v2\/pages\/18"}],"wp:attachment":[{"href":"https:\/\/regs-burg-stargard.de\/wordpress\/wp-json\/wp\/v2\/media?parent=542"}],"curies":[{"name":"wp","href":"https:\/\/api.w.org\/{rel}","templated":true}]}}