{"id":877,"date":"2014-05-15T13:19:38","date_gmt":"2014-05-15T11:19:38","guid":{"rendered":"http:\/\/regs-burg-stargard.de\/wordpress\/?page_id=877"},"modified":"2014-08-21T21:28:10","modified_gmt":"2014-08-21T19:28:10","slug":"vertretungsplan-2","status":"publish","type":"page","link":"https:\/\/regs-burg-stargard.de\/wordpress\/plaene-2\/vertretungsplan-2\/","title":{"rendered":"Vertretungsplan"},"content":{"rendered":"<p>Sch\u00fcleransicht der Vertretungspl\u00e4ne:<\/p>\n<table style=\"height: 24px;\" width=\"697\">\n<tbody>\n<tr>\n<td><a href=\"http:\/\/plaene.regs-burg-stargard.de\/gast\/plan_s_Mo.html\" target=\"_blank\">Montag<\/a><\/td>\n<td><a href=\"http:\/\/plaene.regs-burg-stargard.de\/gast\/plan_s_Di.html\" target=\"_blank\">Dienstag<\/a><\/td>\n<td><a href=\"http:\/\/plaene.regs-burg-stargard.de\/gast\/plan_s_Mi.html\" target=\"_blank\">Mittwoch<\/a><\/td>\n<td><a href=\"http:\/\/plaene.regs-burg-stargard.de\/gast\/plan_s_Do.html\" target=\"_blank\">Donnerstag<\/a><\/td>\n<td><a href=\"http:\/\/plaene.regs-burg-stargard.de\/gast\/plan_s_Fr.html\" target=\"_blank\">Freitag<\/a><\/td>\n<\/tr>\n<\/tbody>\n<\/table>\n<p>&nbsp;<\/p>\n<p>F\u00fcr die Darstellung des Vertretungsplans in der Lehreransicht ist eine <a href=\"http:\/\/plaene.regs-burg-stargard.de\/lehrer\/index.html\" target=\"_blank\">Anmeldung<\/a> erforderlich.<\/p>\n","protected":false},"excerpt":{"rendered":"<p>Sch\u00fcleransicht der Vertretungspl\u00e4ne: Montag Dienstag Mittwoch Donnerstag Freitag &nbsp; F\u00fcr die Darstellung des Vertretungsplans in der Lehreransicht ist eine Anmeldung erforderlich.<\/p>\n","protected":false},"author":12,"featured_media":0,"parent":13,"menu_order":0,"comment_status":"closed","ping_status":"closed","template":"","meta":{"site-sidebar-layout":"default","site-content-layout":"","ast-site-content-layout":"default","site-content-style":"default","site-sidebar-style":"default","ast-global-header-display":"","ast-banner-title-visibility":"","ast-main-header-display":"","ast-hfb-above-header-display":"","ast-hfb-below-header-display":"","ast-hfb-mobile-header-display":"","site-post-title":"","ast-breadcrumbs-content":"","ast-featured-img":"","footer-sml-layout":"","theme-transparent-header-meta":"","adv-header-id-meta":"","stick-header-meta":"","header-above-stick-meta":"","header-main-stick-meta":"","header-below-stick-meta":"","astra-migrate-meta-layouts":"default","ast-page-background-enabled":"default","ast-page-background-meta":{"desktop":{"background-color":"","background-image":"","background-repeat":"repeat","background-position":"center center","background-size":"auto","background-attachment":"scroll","background-type":"","background-media":"","overlay-type":"","overlay-color":"","overlay-opacity":"","overlay-gradient":""},"tablet":{"background-color":"","background-image":"","background-repeat":"repeat","background-position":"center center","background-size":"auto","background-attachment":"scroll","background-type":"","background-media":"","overlay-type":"","overlay-color":"","overlay-opacity":"","overlay-gradient":""},"mobile":{"background-color":"","background-image":"","background-repeat":"repeat","background-position":"center center","background-size":"auto","background-attachment":"scroll","background-type":"","background-media":"","overlay-type":"","overlay-color":"","overlay-opacity":"","overlay-gradient":""}},"ast-content-background-meta":{"desktop":{"background-color":"var(--ast-global-color-5)","background-image":"","background-repeat":"repeat","background-position":"center center","background-size":"auto","background-attachment":"scroll","background-type":"","background-media":"","overlay-type":"","overlay-color":"","overlay-opacity":"","overlay-gradient":""},"tablet":{"background-color":"var(--ast-global-color-5)","background-image":"","background-repeat":"repeat","background-position":"center center","background-size":"auto","background-attachment":"scroll","background-type":"","background-media":"","overlay-type":"","overlay-color":"","overlay-opacity":"","overlay-gradient":""},"mobile":{"background-color":"var(--ast-global-color-5)","background-image":"","background-repeat":"repeat","background-position":"center center","background-size":"auto","background-attachment":"scroll","background-type":"","background-media":"","overlay-type":"","overlay-color":"","overlay-opacity":"","overlay-gradient":""}},"ngg_post_thumbnail":0,"footnotes":""},"class_list":["post-877","page","type-page","status-publish","hentry"],"_links":{"self":[{"href":"https:\/\/regs-burg-stargard.de\/wordpress\/wp-json\/wp\/v2\/pages\/877","targetHints":{"allow":["GET"]}}],"collection":[{"href":"https:\/\/regs-burg-stargard.de\/wordpress\/wp-json\/wp\/v2\/pages"}],"about":[{"href":"https:\/\/regs-burg-stargard.de\/wordpress\/wp-json\/wp\/v2\/types\/page"}],"author":[{"embeddable":true,"href":"https:\/\/regs-burg-stargard.de\/wordpress\/wp-json\/wp\/v2\/users\/12"}],"replies":[{"embeddable":true,"href":"https:\/\/regs-burg-stargard.de\/wordpress\/wp-json\/wp\/v2\/comments?post=877"}],"version-history":[{"count":11,"href":"https:\/\/regs-burg-stargard.de\/wordpress\/wp-json\/wp\/v2\/pages\/877\/revisions"}],"predecessor-version":[{"id":1014,"href":"https:\/\/regs-burg-stargard.de\/wordpress\/wp-json\/wp\/v2\/pages\/877\/revisions\/1014"}],"up":[{"embeddable":true,"href":"https:\/\/regs-burg-stargard.de\/wordpress\/wp-json\/wp\/v2\/pages\/13"}],"wp:attachment":[{"href":"https:\/\/regs-burg-stargard.de\/wordpress\/wp-json\/wp\/v2\/media?parent=877"}],"curies":[{"name":"wp","href":"https:\/\/api.w.org\/{rel}","templated":true}]}}